{"id":998,"date":"2019-04-01T19:28:15","date_gmt":"2019-04-01T18:28:15","guid":{"rendered":"http:\/\/avecox.com\/produits\/produits-frais\/frais-decoupe\/coq-frais-decoupe\/"},"modified":"2021-03-31T16:21:10","modified_gmt":"2021-03-31T15:21:10","slug":"coq-frais-decoupe","status":"publish","type":"page","link":"https:\/\/avecox.com\/fr\/produits\/produits-frais\/frais-decoupe\/coq-frais-decoupe\/","title":{"rendered":"Coq frais d\u00e9coupe"},"content":{"rendered":"<p>[et_pb_section fb_built=\u00a0\u00bb1&Prime; admin_label=\u00a0\u00bbHero\u00a0\u00bb _builder_version=\u00a0\u00bb3.18.7&Prime; background_color=\u00a0\u00bb#f7f7f7&Prime; background_image=\u00a0\u00bbhttps:\/\/avecox.com\/wp-content\/uploads\/2019\/05\/header-productos.png\u00a0\u00bb custom_margin=\u00a0\u00bb||||false\u00a0\u00bb custom_padding=\u00a0\u00bb6vw||6vw||true|false\u00a0\u00bb][et_pb_row custom_padding=\u00a0\u00bb0|0px|0px|0px|false|false\u00a0\u00bb make_equal=\u00a0\u00bbon\u00a0\u00bb module_class_1=\u00a0\u00bbds-vertical-align\u00a0\u00bb module_class_2=\u00a0\u00bbds-vertical-align\u00a0\u00bb _builder_version=\u00a0\u00bb3.18.7&Prime;][et_pb_column type=\u00a0\u00bb1_2&Prime; _builder_version=\u00a0\u00bb3.8&Prime; parallax=\u00a0\u00bboff\u00a0\u00bb parallax_method=\u00a0\u00bbon\u00a0\u00bb module_class=\u00a0\u00bbds-vertical-align\u00a0\u00bb][et_pb_text disabled_on=\u00a0\u00bbon|on|off\u00a0\u00bb _builder_version=\u00a0\u00bb3.18.7&Prime; text_font=\u00a0\u00bb||||||||\u00a0\u00bb text_font_size_tablet=\u00a0\u00bb14px\u00a0\u00bb text_font_size_last_edited=\u00a0\u00bboff|desktop\u00a0\u00bb header_font=\u00a0\u00bbRubik|700|||||||\u00a0\u00bb header_text_color=\u00a0\u00bb#0a6e30&Prime; header_font_size=\u00a0\u00bb64px\u00a0\u00bb header_font_size_tablet=\u00a0\u00bb44px\u00a0\u00bb header_font_size_phone=\u00a0\u00bb32px\u00a0\u00bb header_font_size_last_edited=\u00a0\u00bbon|phone\u00a0\u00bb header_line_height=\u00a0\u00bb1.1em\u00a0\u00bb border_color_all=\u00a0\u00bb#ffb400&Prime; border_width_left=\u00a0\u00bb10px\u00a0\u00bb border_color_left=\u00a0\u00bb#0a6e30&Prime; background_layout=\u00a0\u00bbdark\u00a0\u00bb max_width=\u00a0\u00bb800px\u00a0\u00bb custom_margin=\u00a0\u00bb||0px|\u00a0\u00bb custom_padding=\u00a0\u00bb|||16px\u00a0\u00bb]<\/p>\n<h1>Coq<\/h1>\n<p>[\/et_pb_text][et_pb_text disabled_on=\u00a0\u00bboff|off|on\u00a0\u00bb _builder_version=\u00a0\u00bb3.18.7&Prime; text_font=\u00a0\u00bb||||||||\u00a0\u00bb text_font_size_tablet=\u00a0\u00bb14px\u00a0\u00bb text_font_size_last_edited=\u00a0\u00bboff|desktop\u00a0\u00bb header_font=\u00a0\u00bbRubik|700|||||||\u00a0\u00bb header_text_color=\u00a0\u00bb#0a6e30&Prime; header_font_size=\u00a0\u00bb64px\u00a0\u00bb header_font_size_tablet=\u00a0\u00bb44px\u00a0\u00bb header_font_size_phone=\u00a0\u00bb32px\u00a0\u00bb header_font_size_last_edited=\u00a0\u00bbon|phone\u00a0\u00bb header_line_height=\u00a0\u00bb1.1em\u00a0\u00bb border_color_all=\u00a0\u00bb#ffb400&Prime; border_color_left=\u00a0\u00bb#0a6e30&Prime; text_orientation=\u00a0\u00bbcenter\u00a0\u00bb background_layout=\u00a0\u00bbdark\u00a0\u00bb max_width=\u00a0\u00bb800px\u00a0\u00bb custom_margin=\u00a0\u00bb||0px|\u00a0\u00bb custom_padding=\u00a0\u00bb|||16px\u00a0\u00bb]<\/p>\n<h1>Coq<\/h1>\n<p>[\/et_pb_text][\/et_pb_column][et_pb_column type=\u00a0\u00bb1_2&Prime; _builder_version=\u00a0\u00bb3.8&Prime; parallax=\u00a0\u00bboff\u00a0\u00bb parallax_method=\u00a0\u00bbon\u00a0\u00bb module_class=\u00a0\u00bbds-vertical-align\u00a0\u00bb][et_pb_image src=\u00a0\u00bbhttps:\/\/avecox.com\/wp-content\/uploads\/2020\/08\/logo-la-casilda-ok.png\u00a0\u00bb _builder_version=\u00a0\u00bb3.18.7&Prime; max_width=\u00a0\u00bb46%\u00a0\u00bb module_alignment=\u00a0\u00bbcenter\u00a0\u00bb][\/et_pb_image][\/et_pb_column][\/et_pb_row][\/et_pb_section][et_pb_section fb_built=\u00a0\u00bb1&Prime; admin_label=\u00a0\u00bbBlog\u00a0\u00bb _builder_version=\u00a0\u00bb3.18.7&Prime; background_color=\u00a0\u00bb#ffffff\u00a0\u00bb custom_padding=\u00a0\u00bb0|0px|0px|0px|false|false\u00a0\u00bb][et_pb_row make_fullwidth=\u00a0\u00bbon\u00a0\u00bb use_custom_gutter=\u00a0\u00bbon\u00a0\u00bb gutter_width=\u00a0\u00bb1&Prime; custom_padding=\u00a0\u00bb0|0px|0|0px|false|false\u00a0\u00bb make_equal=\u00a0\u00bbon\u00a0\u00bb padding_top_bottom_link_2=\u00a0\u00bbtrue\u00a0\u00bb padding_left_right_link_2=\u00a0\u00bbtrue\u00a0\u00bb padding_top_2=\u00a0\u00bb5%\u00a0\u00bb padding_right_2=\u00a0\u00bb5%\u00a0\u00bb padding_bottom_2=\u00a0\u00bb5%\u00a0\u00bb padding_left_2=\u00a0\u00bb5%\u00a0\u00bb _builder_version=\u00a0\u00bb3.18.7&Prime;][et_pb_column type=\u00a0\u00bb1_2&Prime; _builder_version=\u00a0\u00bb3.9&Prime; parallax=\u00a0\u00bboff\u00a0\u00bb parallax_method=\u00a0\u00bbon\u00a0\u00bb][et_pb_slider module_class=\u00a0\u00bbproducto\u00a0\u00bb _builder_version=\u00a0\u00bb3.18.7&Prime; custom_margin=\u00a0\u00bb0px|0px|0px|0px|true|true\u00a0\u00bb custom_css_slide_arrows=\u00a0\u00bbcolor: green !important;\u00a0\u00bb][et_pb_slide _builder_version=\u00a0\u00bb3.18.7&Prime; background_color=\u00a0\u00bbrgba(126,190,197,0)\u00a0\u00bb background_image=\u00a0\u00bbhttps:\/\/avecox.com\/wp-content\/uploads\/2019\/05\/pechugagallogranel.jpg\u00a0\u00bb][\/et_pb_slide][\/et_pb_slider][\/et_pb_column][et_pb_column type=\u00a0\u00bb1_2&Prime; _builder_version=\u00a0\u00bb3.9&Prime; padding_bottom=\u00a0\u00bb5%\u00a0\u00bb padding_left=\u00a0\u00bb5%\u00a0\u00bb padding_right=\u00a0\u00bb5%\u00a0\u00bb padding_top=\u00a0\u00bb5%\u00a0\u00bb parallax=\u00a0\u00bboff\u00a0\u00bb parallax_method=\u00a0\u00bbon\u00a0\u00bb][et_pb_text _builder_version=\u00a0\u00bb3.18.7&Prime; header_font=\u00a0\u00bb||||||||\u00a0\u00bb header_5_font=\u00a0\u00bb||||||||\u00a0\u00bb header_5_text_color=\u00a0\u00bb#0a6e30&Prime;]<\/p>\n<h5 class=\"p1\">BLANC<\/h5>\n<p>[\/et_pb_text][et_pb_divider color=\u00a0\u00bb#0a6e30&Prime; divider_weight=\u00a0\u00bb4px\u00a0\u00bb _builder_version=\u00a0\u00bb3.18.7&Prime; max_width=\u00a0\u00bb10%\u00a0\u00bb][\/et_pb_divider][et_pb_text _builder_version=\u00a0\u00bb3.18.7&Prime;]<\/p>\n<p><b>EN VRAC<\/b><\/p>\n<p class=\"p1\"><span class=\"s1\">Morceau de coq correspondant \u00e0 la partie anatomique du muscle pectoral majeur et mineur des deux c\u00f4t\u00e9s de la structure osseuse, sans os ni peau. <\/span><\/p>\n<p class=\"p1\"><span class=\"s1\">Emballe\u0301 avec film plastique de couleur blanche translucide, apte a\u0300 l\u2019usage alimentaire.<\/span><\/p>\n<p>[\/et_pb_text][\/et_pb_column][\/et_pb_row][\/et_pb_section]<\/p>\n","protected":false},"excerpt":{"rendered":"<p>CoqCoqBLANCEN VRAC Morceau de coq correspondant \u00e0 la partie anatomique du muscle pectoral majeur et mineur des deux c\u00f4t\u00e9s de la structure osseuse, sans os ni peau. Emballe\u0301 avec film plastique de couleur blanche translucide, apte a\u0300 l\u2019usage alimentaire.<\/p>\n","protected":false},"author":1,"featured_media":0,"parent":988,"menu_order":0,"comment_status":"closed","ping_status":"closed","template":"","meta":{"_et_pb_use_builder":"on","_et_pb_old_content":"","_et_gb_content_width":"","footnotes":""},"class_list":["post-998","page","type-page","status-publish","hentry"],"yoast_head":"<!-- This site is optimized with the Yoast SEO plugin v26.6 - https:\/\/yoast.com\/wordpress\/plugins\/seo\/ -->\n<title>Coq frais d\u00e9coupe - Avecox<\/title>\n<meta name=\"robots\" content=\"index, follow, max-snippet:-1, max-image-preview:large, max-video-preview:-1\" \/>\n<link rel=\"canonical\" href=\"https:\/\/avecox.com\/fr\/produits\/produits-frais\/frais-decoupe\/coq-frais-decoupe\/\" \/>\n<meta property=\"og:locale\" content=\"fr_FR\" \/>\n<meta property=\"og:type\" content=\"article\" \/>\n<meta property=\"og:title\" content=\"Coq frais d\u00e9coupe - Avecox\" \/>\n<meta property=\"og:description\" content=\"CoqCoqBLANCEN VRAC Morceau de coq correspondant \u00e0 la partie anatomique du muscle pectoral majeur et mineur des deux c\u00f4t\u00e9s de la structure osseuse, sans os ni peau. Emballe\u0301 avec film plastique de couleur blanche translucide, apte a\u0300 l\u2019usage alimentaire.\" \/>\n<meta property=\"og:url\" content=\"https:\/\/avecox.com\/fr\/produits\/produits-frais\/frais-decoupe\/coq-frais-decoupe\/\" \/>\n<meta property=\"og:site_name\" content=\"Avecox\" \/>\n<meta property=\"article:modified_time\" content=\"2021-03-31T15:21:10+00:00\" \/>\n<meta name=\"twitter:card\" content=\"summary_large_image\" \/>\n<meta name=\"twitter:label1\" content=\"Dur\u00e9e de lecture estim\u00e9e\" \/>\n\t<meta name=\"twitter:data1\" content=\"3 minutes\" \/>\n<script type=\"application\/ld+json\" class=\"yoast-schema-graph\">{\"@context\":\"https:\/\/schema.org\",\"@graph\":[{\"@type\":\"WebPage\",\"@id\":\"https:\/\/avecox.com\/fr\/produits\/produits-frais\/frais-decoupe\/coq-frais-decoupe\/\",\"url\":\"https:\/\/avecox.com\/fr\/produits\/produits-frais\/frais-decoupe\/coq-frais-decoupe\/\",\"name\":\"Coq frais d\u00e9coupe - Avecox\",\"isPartOf\":{\"@id\":\"https:\/\/avecox.com\/#website\"},\"datePublished\":\"2019-04-01T18:28:15+00:00\",\"dateModified\":\"2021-03-31T15:21:10+00:00\",\"breadcrumb\":{\"@id\":\"https:\/\/avecox.com\/fr\/produits\/produits-frais\/frais-decoupe\/coq-frais-decoupe\/#breadcrumb\"},\"inLanguage\":\"fr-FR\",\"potentialAction\":[{\"@type\":\"ReadAction\",\"target\":[\"https:\/\/avecox.com\/fr\/produits\/produits-frais\/frais-decoupe\/coq-frais-decoupe\/\"]}]},{\"@type\":\"BreadcrumbList\",\"@id\":\"https:\/\/avecox.com\/fr\/produits\/produits-frais\/frais-decoupe\/coq-frais-decoupe\/#breadcrumb\",\"itemListElement\":[{\"@type\":\"ListItem\",\"position\":1,\"name\":\"Portada\",\"item\":\"https:\/\/avecox.com\/fr\/\"},{\"@type\":\"ListItem\",\"position\":2,\"name\":\"Produits\",\"item\":\"https:\/\/avecox.com\/fr\/produits\/\"},{\"@type\":\"ListItem\",\"position\":3,\"name\":\"Produits frais\",\"item\":\"https:\/\/avecox.com\/fr\/produits\/produits-frais\/\"},{\"@type\":\"ListItem\",\"position\":4,\"name\":\"Frais &#8211; D\u00e9coupe\",\"item\":\"https:\/\/avecox.com\/fr\/produits\/produits-frais\/frais-decoupe\/\"},{\"@type\":\"ListItem\",\"position\":5,\"name\":\"Coq frais d\u00e9coupe\"}]},{\"@type\":\"WebSite\",\"@id\":\"https:\/\/avecox.com\/#website\",\"url\":\"https:\/\/avecox.com\/\",\"name\":\"Avecox\",\"description\":\"Matadero y distribuidor de aves de corral\",\"publisher\":{\"@id\":\"https:\/\/avecox.com\/#organization\"},\"potentialAction\":[{\"@type\":\"SearchAction\",\"target\":{\"@type\":\"EntryPoint\",\"urlTemplate\":\"https:\/\/avecox.com\/?s={search_term_string}\"},\"query-input\":{\"@type\":\"PropertyValueSpecification\",\"valueRequired\":true,\"valueName\":\"search_term_string\"}}],\"inLanguage\":\"fr-FR\"},{\"@type\":\"Organization\",\"@id\":\"https:\/\/avecox.com\/#organization\",\"name\":\"Avecox S.L.\",\"url\":\"https:\/\/avecox.com\/\",\"logo\":{\"@type\":\"ImageObject\",\"inLanguage\":\"fr-FR\",\"@id\":\"https:\/\/avecox.com\/#\/schema\/logo\/image\/\",\"url\":\"https:\/\/avecox.com\/wp-content\/uploads\/2019\/02\/destacada-logo.jpg\",\"contentUrl\":\"https:\/\/avecox.com\/wp-content\/uploads\/2019\/02\/destacada-logo.jpg\",\"width\":1600,\"height\":1200,\"caption\":\"Avecox S.L.\"},\"image\":{\"@id\":\"https:\/\/avecox.com\/#\/schema\/logo\/image\/\"}}]}<\/script>\n<!-- \/ Yoast SEO plugin. -->","yoast_head_json":{"title":"Coq frais d\u00e9coupe - Avecox","robots":{"index":"index","follow":"follow","max-snippet":"max-snippet:-1","max-image-preview":"max-image-preview:large","max-video-preview":"max-video-preview:-1"},"canonical":"https:\/\/avecox.com\/fr\/produits\/produits-frais\/frais-decoupe\/coq-frais-decoupe\/","og_locale":"fr_FR","og_type":"article","og_title":"Coq frais d\u00e9coupe - Avecox","og_description":"CoqCoqBLANCEN VRAC Morceau de coq correspondant \u00e0 la partie anatomique du muscle pectoral majeur et mineur des deux c\u00f4t\u00e9s de la structure osseuse, sans os ni peau. Emballe\u0301 avec film plastique de couleur blanche translucide, apte a\u0300 l\u2019usage alimentaire.","og_url":"https:\/\/avecox.com\/fr\/produits\/produits-frais\/frais-decoupe\/coq-frais-decoupe\/","og_site_name":"Avecox","article_modified_time":"2021-03-31T15:21:10+00:00","twitter_card":"summary_large_image","twitter_misc":{"Dur\u00e9e de lecture estim\u00e9e":"3 minutes"},"schema":{"@context":"https:\/\/schema.org","@graph":[{"@type":"WebPage","@id":"https:\/\/avecox.com\/fr\/produits\/produits-frais\/frais-decoupe\/coq-frais-decoupe\/","url":"https:\/\/avecox.com\/fr\/produits\/produits-frais\/frais-decoupe\/coq-frais-decoupe\/","name":"Coq frais d\u00e9coupe - Avecox","isPartOf":{"@id":"https:\/\/avecox.com\/#website"},"datePublished":"2019-04-01T18:28:15+00:00","dateModified":"2021-03-31T15:21:10+00:00","breadcrumb":{"@id":"https:\/\/avecox.com\/fr\/produits\/produits-frais\/frais-decoupe\/coq-frais-decoupe\/#breadcrumb"},"inLanguage":"fr-FR","potentialAction":[{"@type":"ReadAction","target":["https:\/\/avecox.com\/fr\/produits\/produits-frais\/frais-decoupe\/coq-frais-decoupe\/"]}]},{"@type":"BreadcrumbList","@id":"https:\/\/avecox.com\/fr\/produits\/produits-frais\/frais-decoupe\/coq-frais-decoupe\/#breadcrumb","itemListElement":[{"@type":"ListItem","position":1,"name":"Portada","item":"https:\/\/avecox.com\/fr\/"},{"@type":"ListItem","position":2,"name":"Produits","item":"https:\/\/avecox.com\/fr\/produits\/"},{"@type":"ListItem","position":3,"name":"Produits frais","item":"https:\/\/avecox.com\/fr\/produits\/produits-frais\/"},{"@type":"ListItem","position":4,"name":"Frais &#8211; D\u00e9coupe","item":"https:\/\/avecox.com\/fr\/produits\/produits-frais\/frais-decoupe\/"},{"@type":"ListItem","position":5,"name":"Coq frais d\u00e9coupe"}]},{"@type":"WebSite","@id":"https:\/\/avecox.com\/#website","url":"https:\/\/avecox.com\/","name":"Avecox","description":"Matadero y distribuidor de aves de corral","publisher":{"@id":"https:\/\/avecox.com\/#organization"},"potentialAction":[{"@type":"SearchAction","target":{"@type":"EntryPoint","urlTemplate":"https:\/\/avecox.com\/?s={search_term_string}"},"query-input":{"@type":"PropertyValueSpecification","valueRequired":true,"valueName":"search_term_string"}}],"inLanguage":"fr-FR"},{"@type":"Organization","@id":"https:\/\/avecox.com\/#organization","name":"Avecox S.L.","url":"https:\/\/avecox.com\/","logo":{"@type":"ImageObject","inLanguage":"fr-FR","@id":"https:\/\/avecox.com\/#\/schema\/logo\/image\/","url":"https:\/\/avecox.com\/wp-content\/uploads\/2019\/02\/destacada-logo.jpg","contentUrl":"https:\/\/avecox.com\/wp-content\/uploads\/2019\/02\/destacada-logo.jpg","width":1600,"height":1200,"caption":"Avecox S.L."},"image":{"@id":"https:\/\/avecox.com\/#\/schema\/logo\/image\/"}}]}},"_links":{"self":[{"href":"https:\/\/avecox.com\/fr\/wp-json\/wp\/v2\/pages\/998","targetHints":{"allow":["GET"]}}],"collection":[{"href":"https:\/\/avecox.com\/fr\/wp-json\/wp\/v2\/pages"}],"about":[{"href":"https:\/\/avecox.com\/fr\/wp-json\/wp\/v2\/types\/page"}],"author":[{"embeddable":true,"href":"https:\/\/avecox.com\/fr\/wp-json\/wp\/v2\/users\/1"}],"replies":[{"embeddable":true,"href":"https:\/\/avecox.com\/fr\/wp-json\/wp\/v2\/comments?post=998"}],"version-history":[{"count":16,"href":"https:\/\/avecox.com\/fr\/wp-json\/wp\/v2\/pages\/998\/revisions"}],"predecessor-version":[{"id":2851,"href":"https:\/\/avecox.com\/fr\/wp-json\/wp\/v2\/pages\/998\/revisions\/2851"}],"up":[{"embeddable":true,"href":"https:\/\/avecox.com\/fr\/wp-json\/wp\/v2\/pages\/988"}],"wp:attachment":[{"href":"https:\/\/avecox.com\/fr\/wp-json\/wp\/v2\/media?parent=998"}],"curies":[{"name":"wp","href":"https:\/\/api.w.org\/{rel}","templated":true}]}}